{"id":1513,"date":"2022-12-02T10:38:03","date_gmt":"2022-12-02T09:38:03","guid":{"rendered":"https:\/\/skowfscholen.nl\/site\/jozefschool-medemblik\/?page_id=1513"},"modified":"2026-01-15T13:20:40","modified_gmt":"2026-01-15T12:20:40","slug":"medezeggenschapsraad-mr","status":"publish","type":"page","link":"https:\/\/skowfscholen.nl\/site\/jozefschool-medemblik\/medezeggenschapsraad-mr\/","title":{"rendered":"Medezeggenschapsraad (MR)"},"content":{"rendered":"\n<p>Alle scholen die onder de Stichting Katholiek Onderwijs (SKO)&nbsp;West-Friesland&nbsp;vallen hebben een eigen Medezeggenschapsraad (MR). De MR wordt vertegenwoordigd door afgevaardigden van ouders en teamleden, die samen met een directielid vergaderen. De zittingsduur voor MR-leden is drie jaar.<\/p>\n\n\n\n<p><strong><em>Taken van de MR<\/em><\/strong><\/p>\n\n\n\n<p>Binnen de kaders van de Wet Medezeggenschap op Scholen (WMS) geeft de Medezeggenschapsraad (on)gevraagd advies aan de directie over zaken die de school betreffen. Daarnaast is voor veel zaken instemming nodig van de MR. Voorbeelden van items die jaarlijks passeren zijn de begroting, het jaarverslag, personeelsinzet, het schoolplan, samenwerking en\/of \u2013voeging met andere scholen, etc. Voor een volledig overzicht kunt u het MR-reglement raadplegen, dat aanwezig is op school.<\/p>\n\n\n\n<p>De MR vergadert gemiddeld \u00e9\u00e9n keer per 6 weken. Indien gewenst kunt u de vergaderingen bijwonen.<\/p>\n\n\n\n<p>Graag maken wij u er op attent dat de MR openstaat voor uw suggesties, opmerkingen en idee\u00ebn. U kunt hiervoor contact opnemen met \u00e9\u00e9n van de leden of mailen naar&nbsp;<a href=\"mailto:mr.hieronymus@skowf.nl\">mr.jozefschool@skowf.nl<\/a>.<\/p>\n\n\n\n<p><strong><em>Gemeenschappelijke Medezeggenschapsraad (GMR)<\/em><\/strong><\/p>\n\n\n\n<p>Naast de MR is er een&nbsp;Gemeenschappelijke Medezeggenschapsraad (GMR) voor de overkoepelende stichting waaronder onze school valt (SKO West-Friesland). E\u00e9n van de MR leden of een afgevaardigde treedt als vertegenwoordiger van onze school op.<\/p>\n\n\n\n<p><strong><em>MR leden<\/em><\/strong><\/p>\n\n\n\n<p>Onze MR bestaat uit:<\/p>\n\n\n\n<figure class=\"wp-block-table\"><table><tbody><tr><td><\/td><td><strong>Namens de ouders<\/strong><\/td><\/tr><tr><td><\/td><td>Jan Miedema <\/td><\/tr><tr><td><\/td><td>Yvette Lakeman-Gerritsen <\/td><\/tr><tr><td><\/td><td><\/td><\/tr><tr><td><\/td><td><\/td><\/tr><tr><td><\/td><td><strong>Namens het team<\/strong><\/td><\/tr><tr><td><\/td><td>Jesse Karel (voorzitter) <\/td><\/tr><tr><td><\/td><td>Sylvanna Klein Gunnewiek <\/td><\/tr><tr><td><\/td><td><\/td><\/tr><\/tbody><\/table><\/figure>\n","protected":false},"excerpt":{"rendered":"<p>Alle scholen die onder de Stichting Katholiek Onderwijs (SKO)&nbsp;West-Friesland&nbsp;vallen hebben een eigen Medezeggenschapsraad (MR). De MR wordt vertegenwoordigd door afgevaardigden van ouders en teamleden, die samen met een directielid vergaderen. De zittingsduur voor MR-leden is drie jaar. Taken van de MR Binnen de kaders van de Wet Medezeggenschap op Scholen (WMS) geeft de Medezeggenschapsraad (on)gevraagd &#8230; <\/p>\n","protected":false},"author":20,"featured_media":0,"parent":0,"menu_order":0,"comment_status":"closed","ping_status":"closed","template":"","meta":{"ngg_post_thumbnail":0},"_links":{"self":[{"href":"https:\/\/skowfscholen.nl\/site\/jozefschool-medemblik\/wp-json\/wp\/v2\/pages\/1513"}],"collection":[{"href":"https:\/\/skowfscholen.nl\/site\/jozefschool-medemblik\/wp-json\/wp\/v2\/pages"}],"about":[{"href":"https:\/\/skowfscholen.nl\/site\/jozefschool-medemblik\/wp-json\/wp\/v2\/types\/page"}],"author":[{"embeddable":true,"href":"https:\/\/skowfscholen.nl\/site\/jozefschool-medemblik\/wp-json\/wp\/v2\/users\/20"}],"replies":[{"embeddable":true,"href":"https:\/\/skowfscholen.nl\/site\/jozefschool-medemblik\/wp-json\/wp\/v2\/comments?post=1513"}],"version-history":[{"count":4,"href":"https:\/\/skowfscholen.nl\/site\/jozefschool-medemblik\/wp-json\/wp\/v2\/pages\/1513\/revisions"}],"predecessor-version":[{"id":1792,"href":"https:\/\/skowfscholen.nl\/site\/jozefschool-medemblik\/wp-json\/wp\/v2\/pages\/1513\/revisions\/1792"}],"wp:attachment":[{"href":"https:\/\/skowfscholen.nl\/site\/jozefschool-medemblik\/wp-json\/wp\/v2\/media?parent=1513"}],"curies":[{"name":"wp","href":"https:\/\/api.w.org\/{rel}","templated":true}]}}