{"id":1541,"date":"2023-02-06T13:35:03","date_gmt":"2023-02-06T12:35:03","guid":{"rendered":"https:\/\/skowfscholen.nl\/site\/jozefschool-medemblik\/?page_id=1541"},"modified":"2025-01-23T13:32:25","modified_gmt":"2025-01-23T12:32:25","slug":"test","status":"publish","type":"page","link":"https:\/\/skowfscholen.nl\/site\/jozefschool-medemblik\/test\/","title":{"rendered":"Thematisch onderwijs"},"content":{"rendered":"\n<p>Op de Jozefschool krijgen de kinderen thematisch onderwijs waarbinnen wereldori\u00ebntatie, burgerschap, taal en begrijpend lezen ge\u00efntegreerd is. In elke klas wordt 4 keer per jaar een thema vorm gegeven waarbinnen de aanboddoelen wereldori\u00ebntatie centraal staan.<\/p>\n\n\n\n<p>Op deze manier vergroten wij de betrokkenheid van de kinderen door samenhang te cre\u00ebren binnen de thema&#8217;s, en zo meer betekenis te geven aan het onderwijs. Door deze verhoogde motivatie van de kinderen hebben de activiteiten een groter effect op hun leren en ontwikkeling.\u00a0<\/p>\n\n\n\n<p><strong>Onderbouw <\/strong><br>In de onderbouw volgen wij de schoolbrede thema\u2019s en vullen de overige schoolweken met andere thema\u2019s. We koppelen onze doelen voor taal, rekenen en motoriek hieraan. Met ieder thema behandelen we weer een stukje van de doelen voor wereldori\u00ebntatie.\u00a0<\/p>\n\n\n\n<p>Binnen een thema moet er gespeeld kunnen worden, zodat de kinderen de doelen in het vrije spel kunnen oefenen en we de woordenschat spelenderwijs kunnen uitbreiden. We vergroten onze kennis over het onderwerp door goede boeken met rijke teksten en veel informatie erin, meerdere keren met de groep te behandelen.<\/p>\n","protected":false},"excerpt":{"rendered":"<p>Op de Jozefschool krijgen de kinderen thematisch onderwijs waarbinnen wereldori\u00ebntatie, burgerschap, taal en begrijpend lezen ge\u00efntegreerd is. In elke klas wordt 4 keer per jaar een thema vorm gegeven waarbinnen de aanboddoelen wereldori\u00ebntatie centraal staan. Op deze manier vergroten wij de betrokkenheid van de kinderen door samenhang te cre\u00ebren binnen de thema&#8217;s, en zo meer &#8230; <\/p>\n","protected":false},"author":20,"featured_media":0,"parent":0,"menu_order":0,"comment_status":"closed","ping_status":"closed","template":"","meta":{"ngg_post_thumbnail":0},"_links":{"self":[{"href":"https:\/\/skowfscholen.nl\/site\/jozefschool-medemblik\/wp-json\/wp\/v2\/pages\/1541"}],"collection":[{"href":"https:\/\/skowfscholen.nl\/site\/jozefschool-medemblik\/wp-json\/wp\/v2\/pages"}],"about":[{"href":"https:\/\/skowfscholen.nl\/site\/jozefschool-medemblik\/wp-json\/wp\/v2\/types\/page"}],"author":[{"embeddable":true,"href":"https:\/\/skowfscholen.nl\/site\/jozefschool-medemblik\/wp-json\/wp\/v2\/users\/20"}],"replies":[{"embeddable":true,"href":"https:\/\/skowfscholen.nl\/site\/jozefschool-medemblik\/wp-json\/wp\/v2\/comments?post=1541"}],"version-history":[{"count":5,"href":"https:\/\/skowfscholen.nl\/site\/jozefschool-medemblik\/wp-json\/wp\/v2\/pages\/1541\/revisions"}],"predecessor-version":[{"id":1779,"href":"https:\/\/skowfscholen.nl\/site\/jozefschool-medemblik\/wp-json\/wp\/v2\/pages\/1541\/revisions\/1779"}],"wp:attachment":[{"href":"https:\/\/skowfscholen.nl\/site\/jozefschool-medemblik\/wp-json\/wp\/v2\/media?parent=1541"}],"curies":[{"name":"wp","href":"https:\/\/api.w.org\/{rel}","templated":true}]}}