{"id":661,"date":"2017-04-06T14:25:36","date_gmt":"2017-04-06T12:25:36","guid":{"rendered":"https:\/\/www.skowf.nl\/site\/mariabernadetteschool\/?page_id=661"},"modified":"2021-03-18T16:15:12","modified_gmt":"2021-03-18T15:15:12","slug":"661-2","status":"publish","type":"page","link":"https:\/\/skowfscholen.nl\/site\/mariabernadetteschool\/ouders\/661-2\/","title":{"rendered":"Extra Financi\u00eble Ondersteuning voor ouders"},"content":{"rendered":"<p><strong>Financi\u00eble regelingen Gemeente Medemblik<\/strong><\/p>\n<p>Ouders die in een moeilijke financi\u00eble situatie zitten en moeite hebben om hun kinderen mee te laten doen aan allerlei (school)activiteiten, kunnen financi\u00eble ondersteuning krijgen.<\/p>\n<p>Met financi\u00eble steun kunnen kinderen wel deelnemen aan activiteiten en wordt voorkomen dat&nbsp;kinderen buitengesloten worden.<\/p>\n<p>Klik hieronder om de informatie ( in verschillende talen) te downloaden.<\/p>\n<p><a href=\"http:\/\/skowfscholen.nl\/site\/mariabernadetteschool\/wp-content\/uploads\/sites\/44\/2021\/03\/Folder-financiele-regelingen-Medemblik-2021-def..pdf\">Folder financiele regelingen Medemblik 2021 def.<\/a><\/p>\n<p><a href=\"http:\/\/skowfscholen.nl\/site\/mariabernadetteschool\/wp-content\/uploads\/sites\/44\/2021\/03\/Folder-financiele-regelingen-Medemblik-2021-PL-webversie.pdf\">Folder financiele regelingen Medemblik 2021-PL-webversie<\/a><\/p>\n<p><a href=\"http:\/\/skowfscholen.nl\/site\/mariabernadetteschool\/wp-content\/uploads\/sites\/44\/2021\/03\/Folder-Financiele-regelingen-Medemblik-AR-webversie.pdf\">Folder Financiele regelingen Medemblik-AR-webversie<\/a><\/p>\n<p><a href=\"http:\/\/skowfscholen.nl\/site\/mariabernadetteschool\/wp-content\/uploads\/sites\/44\/2021\/03\/Folder-Financiele-regelingen-Medemblik-TI-webversie.pdf\">Folder Financiele regelingen Medemblik-TI-webversie<\/a><\/p>\n<p style=\"font-weight: 400\">Hieronder vindt u de link naar het informatiefilmpje. Kies voor downloaden:<\/p>\n<p><a href=\"https:\/\/vimeo.com\/evaexplainers\/download\/347426210\/afb55e4d56\">https:\/\/vimeo.com\/evaexplainers\/download\/347426210\/afb55e4d56<\/a><\/p>\n","protected":false},"excerpt":{"rendered":"<p>Financi\u00eble regelingen Gemeente Medemblik Ouders die in een moeilijke financi\u00eble situatie zitten en moeite hebben om hun kinderen mee te laten doen aan allerlei (school)activiteiten, kunnen financi\u00eble ondersteuning krijgen. Met financi\u00eble steun kunnen kinderen wel deelnemen aan activiteiten en wordt voorkomen dat&nbsp;kinderen buitengesloten worden. Klik hieronder om de informatie ( in verschillende talen) te downloaden. &#8230; <\/p>\n","protected":false},"author":19,"featured_media":0,"parent":419,"menu_order":0,"comment_status":"closed","ping_status":"closed","template":"","meta":{"ngg_post_thumbnail":0},"_links":{"self":[{"href":"https:\/\/skowfscholen.nl\/site\/mariabernadetteschool\/wp-json\/wp\/v2\/pages\/661"}],"collection":[{"href":"https:\/\/skowfscholen.nl\/site\/mariabernadetteschool\/wp-json\/wp\/v2\/pages"}],"about":[{"href":"https:\/\/skowfscholen.nl\/site\/mariabernadetteschool\/wp-json\/wp\/v2\/types\/page"}],"author":[{"embeddable":true,"href":"https:\/\/skowfscholen.nl\/site\/mariabernadetteschool\/wp-json\/wp\/v2\/users\/19"}],"replies":[{"embeddable":true,"href":"https:\/\/skowfscholen.nl\/site\/mariabernadetteschool\/wp-json\/wp\/v2\/comments?post=661"}],"version-history":[{"count":15,"href":"https:\/\/skowfscholen.nl\/site\/mariabernadetteschool\/wp-json\/wp\/v2\/pages\/661\/revisions"}],"predecessor-version":[{"id":2339,"href":"https:\/\/skowfscholen.nl\/site\/mariabernadetteschool\/wp-json\/wp\/v2\/pages\/661\/revisions\/2339"}],"up":[{"embeddable":true,"href":"https:\/\/skowfscholen.nl\/site\/mariabernadetteschool\/wp-json\/wp\/v2\/pages\/419"}],"wp:attachment":[{"href":"https:\/\/skowfscholen.nl\/site\/mariabernadetteschool\/wp-json\/wp\/v2\/media?parent=661"}],"curies":[{"name":"wp","href":"https:\/\/api.w.org\/{rel}","templated":true}]}}