{"id":287,"date":"2016-10-12T12:52:44","date_gmt":"2016-10-12T10:52:44","guid":{"rendered":"http:\/\/www.skowf.nl\/sthieronymus\/?page_id=287"},"modified":"2023-09-20T09:14:52","modified_gmt":"2023-09-20T07:14:52","slug":"mr","status":"publish","type":"page","link":"https:\/\/skowfscholen.nl\/site\/sthieronymus\/over-ons\/mr\/","title":{"rendered":"Medezeggenschapsraad"},"content":{"rendered":"<p><span style=\"font-weight: 400\">Alle scholen die onder de Stichting Katholiek Onderwijs (SKO)&nbsp;West-Friesland&nbsp;vallen, hebben een eigen Medezeggenschapsraad (MR). De MR wordt vertegenwoordigd door afgevaardigden van ouders en teamleden, die samen met een directielid vergaderen. De zittingsduur voor MR-leden is drie jaar.<\/span><\/p>\n<p><strong><i>Taken van de MR<\/i><\/strong><\/p>\n<p><span style=\"font-weight: 400\">Binnen de kaders van de Wet Medezeggenschap op Scholen (WMS) geeft de Medezeggenschapsraad (on)gevraagd advies aan de directie over zaken die de school betreffen. Daarnaast is voor veel zaken instemming nodig van de MR. Voorbeelden van items die jaarlijks passeren zijn de begroting, het jaarverslag, personeelsinzet, het schoolplan, samenwerking en\/of \u2013voeging met andere scholen, etc. Voor een volledig overzicht kunt u het MR-reglement raadplegen, dat aanwezig is op school. <\/span><\/p>\n<p><span style=\"font-weight: 400\">De MR vergadert gemiddeld \u00e9\u00e9n keer per 6 weken, waarbij de geplande dagen en notulen openbaar worden gemaakt via de website. Indien gewenst kunt u de vergaderingen bijwonen.<\/span><\/p>\n<p><span style=\"font-weight: 400\">Graag maken wij u er op attent dat de MR openstaat voor uw suggesties, opmerkingen en idee\u00ebn. U kunt hiervoor contact opnemen met \u00e9\u00e9n van de leden of mailen naar&nbsp;<a href=\"mailto:mr.hieronymus@skowf.nl\">mr.hieronymus@skowf.nl<\/a><\/span><\/p>\n<p><a href=\"http:\/\/skowfscholen.nl\/site\/sthieronymus\/wp-content\/uploads\/sites\/41\/2019\/05\/Medezeggenschapsreglement-_-maart-2019.pdf\">Medezeggenschapsreglement _ maart 2019<\/a><\/p>\n<p><a href=\"http:\/\/skowfscholen.nl\/site\/sthieronymus\/wp-content\/uploads\/sites\/41\/2021\/01\/Huishoudelijk-reglement-MR-Hieronymus-12-jan-2021.pdf\">Huishoudelijk-reglement-MR-Hieronymus-12-jan-2021<\/a><\/p>\n<p><strong><i>Gemeenschappelijke Medezeggenschapsraad (GMR)<\/i><\/strong><\/p>\n<p><span style=\"font-weight: 400\">Naast de MR is er een&nbsp;Gemeenschappelijke Medezeggenschapsraad (GMR) voor de overkoepelende stichting waaronder onze school valt (SKO West-Friesland). E\u00e9n van de MR leden of een afgevaardigde treedt als vertegenwoordiger van onze school op.<\/span><\/p>\n<p><strong><i>MR leden<\/i><\/strong><\/p>\n<p><span style=\"font-weight: 400\">Onze MR bestaat uit:<\/span><\/p>\n\n\n<figure class=\"wp-block-table\"><table class=\"has-background\" style=\"background-color:#f3f4f5\"><tbody><tr><td><\/td><td><strong>Namens de ouders<\/strong><\/td><\/tr><tr><td>voorzitter<\/td><td>Coen Stevens<br><a href=\"mailto:mr.hieronymus@skowf.nl\">mr.hieronymus@skowf.nl<\/a><\/td><\/tr><tr><td><\/td><td>Miriam Bonnes &#8211; van Ophem (GMR)&#8230;..<\/td><\/tr><tr><td><\/td><td>Gilian Plantinga<\/td><\/tr><tr><td><\/td><td>Remko van der Meer<\/td><\/tr><tr><td><\/td><td><strong>Namens het team<\/strong><\/td><\/tr><tr><td><\/td><td>Patricia Nederhoff<\/td><\/tr><tr><td><\/td><td>Yoeri Moenis<\/td><\/tr><tr><td>Secretaris<\/td><td>Mariette Rikse<\/td><\/tr><\/tbody><\/table><\/figure>\n\n\n\n<p><\/p>\n\n\n\n<p>Hier vindt u de notulen van de vergadering:<\/p>\n\n\n\n<div class=\"wp-block-file\"><object class=\"wp-block-file__embed\" data=\"https:\/\/skowfscholen.nl\/site\/sthieronymus\/wp-content\/uploads\/sites\/41\/2023\/09\/Notulen-MR-vergadering-22-juni-2023.pdf\" type=\"application\/pdf\" style=\"width:100%;height:600px\" aria-label=\"Insluiting van Notulen-MR-vergadering-22-juni-2023.\"><\/object><a id=\"wp-block-file--media-80ef96b5-d61a-4d44-b4f5-2dac62058365\" href=\"https:\/\/skowfscholen.nl\/site\/sthieronymus\/wp-content\/uploads\/sites\/41\/2023\/09\/Notulen-MR-vergadering-22-juni-2023.pdf\">Notulen-MR-vergadering-22-juni-2023<\/a><a href=\"https:\/\/skowfscholen.nl\/site\/sthieronymus\/wp-content\/uploads\/sites\/41\/2023\/09\/Notulen-MR-vergadering-22-juni-2023.pdf\" class=\"wp-block-file__button wp-element-button\" download aria-describedby=\"wp-block-file--media-80ef96b5-d61a-4d44-b4f5-2dac62058365\">Downloaden<\/a><\/div>\n\n\n\n<div class=\"wp-block-file\"><a href=\"https:\/\/skowfscholen.nl\/site\/sthieronymus\/wp-content\/uploads\/sites\/41\/2023\/05\/notulen-MR-vergadering-4-april-2023.pdf\">notulen-MR-vergadering-4-april-2023<\/a><a href=\"https:\/\/skowfscholen.nl\/site\/sthieronymus\/wp-content\/uploads\/sites\/41\/2023\/05\/notulen-MR-vergadering-4-april-2023.pdf\" class=\"wp-block-file__button\" download>Download<\/a><\/div>\n\n\n\n<div class=\"wp-block-file\"><a href=\"https:\/\/skowfscholen.nl\/site\/sthieronymus\/wp-content\/uploads\/sites\/41\/2023\/02\/notulen-en-agenda-24-01-23-MR-vergadering.pdf\">notulen-en-agenda-24-01-23-MR-vergadering<\/a><a href=\"https:\/\/skowfscholen.nl\/site\/sthieronymus\/wp-content\/uploads\/sites\/41\/2023\/02\/notulen-en-agenda-24-01-23-MR-vergadering.pdf\" class=\"wp-block-file__button\" download>Download<\/a><\/div>\n\n\n\n<div class=\"wp-block-file\"><a href=\"https:\/\/skowfscholen.nl\/site\/sthieronymus\/wp-content\/uploads\/sites\/41\/2022\/12\/01.-Notulen-en-agenda-MR-vergadering-11-10-22.pdf\">Notulen-en-agenda-MR-vergadering-11-10-22<\/a><a href=\"https:\/\/skowfscholen.nl\/site\/sthieronymus\/wp-content\/uploads\/sites\/41\/2022\/12\/01.-Notulen-en-agenda-MR-vergadering-11-10-22.pdf\" class=\"wp-block-file__button\" download>Download<\/a><\/div>\n\n\n\n<div class=\"wp-block-file\"><a href=\"https:\/\/skowfscholen.nl\/site\/sthieronymus\/wp-content\/uploads\/sites\/41\/2022\/06\/Notulen-MR-vergadering-13-juni-2022.pdf\">Notulen-MR-vergadering-13-juni-2022<\/a><a href=\"https:\/\/skowfscholen.nl\/site\/sthieronymus\/wp-content\/uploads\/sites\/41\/2022\/06\/Notulen-MR-vergadering-13-juni-2022.pdf\" class=\"wp-block-file__button\" download>Download<\/a><\/div>\n\n\n\n<div class=\"wp-block-file\"><a href=\"https:\/\/skowfscholen.nl\/site\/sthieronymus\/wp-content\/uploads\/sites\/41\/2022\/06\/Notulen-en-agenda-MR-vergadering-12-april-2022.pdf\">Notulen-en-agenda-MR-vergadering-12-april-2022<\/a><a href=\"https:\/\/skowfscholen.nl\/site\/sthieronymus\/wp-content\/uploads\/sites\/41\/2022\/06\/Notulen-en-agenda-MR-vergadering-12-april-2022.pdf\" class=\"wp-block-file__button\" download>Download<\/a><\/div>\n\n\n\n<div class=\"wp-block-file\"><a href=\"https:\/\/skowfscholen.nl\/site\/sthieronymus\/wp-content\/uploads\/sites\/41\/2022\/03\/Notulen-MR-vergadering-dinsdag-18-januari-2022.pdf\">Notulen-MR-vergadering-dinsdag-18-januari-2022<\/a><a href=\"https:\/\/skowfscholen.nl\/site\/sthieronymus\/wp-content\/uploads\/sites\/41\/2022\/03\/Notulen-MR-vergadering-dinsdag-18-januari-2022.pdf\" class=\"wp-block-file__button\" download>Download<\/a><\/div>\n\n\n\n<p><a href=\"http:\/\/skowfscholen.nl\/site\/sthieronymus\/wp-content\/uploads\/sites\/41\/2021\/10\/notulen-MR-vergadering-14-9-2021-1.pdf\">Notulen MR vergadering 14 september 2021<\/a><\/p>\n\n\n\n<p><a href=\"http:\/\/skowfscholen.nl\/site\/sthieronymus\/wp-content\/uploads\/sites\/41\/2021\/07\/Notulen-MR-vergadering-8-juni-2021.pdf\">Notulen MR vergadering 8 juni 2021<\/a><\/p>\n\n\n\n<p><a href=\"http:\/\/skowfscholen.nl\/site\/sthieronymus\/wp-content\/uploads\/sites\/41\/2021\/05\/MR-Notulen-20-4-2021.pdf\">MR Notulen 20-4-2021<\/a><\/p>\n\n\n\n<p><a href=\"http:\/\/skowfscholen.nl\/site\/sthieronymus\/wp-content\/uploads\/sites\/41\/2021\/04\/Notulen-MR-16-02-2021.pdf\">MR Notulen 16-02-2021<\/a><\/p>\n\n\n\n<p><a href=\"http:\/\/skowfscholen.nl\/site\/sthieronymus\/wp-content\/uploads\/sites\/41\/2021\/01\/02.-Notulen-agenda-MR-vergadering-12-januari-2021.pdf\">MR Notulen 12-01-2021<\/a><\/p>\n\n\n\n<p><a href=\"http:\/\/skowfscholen.nl\/site\/sthieronymus\/wp-content\/uploads\/sites\/41\/2021\/01\/Notulen-Vragen-MR-begroting-2021.pdf\">Notulen Vragen MR begroting 2021<\/a><\/p>\n\n\n\n<p><a href=\"http:\/\/skowfscholen.nl\/site\/sthieronymus\/wp-content\/uploads\/sites\/41\/2020\/11\/Notulen-en-agenda-MR-vergadering-20-10-2020.pdf\">MR notulen 20-10-2020<\/a><\/p>\n\n\n\n<p><a href=\"http:\/\/skowfscholen.nl\/site\/sthieronymus\/wp-content\/uploads\/sites\/41\/2020\/11\/notulen-MR-vergadering-16-06-20.pdf\">MR notulen 16 -06-20<\/a><\/p>\n\n\n\n<p><a href=\"http:\/\/skowfscholen.nl\/site\/sthieronymus\/wp-content\/uploads\/sites\/41\/2020\/06\/Notulen-en-agenda-MR-vergadering-28-01-2020-def.pdf\">MR notulen 29-01-20<\/a><\/p>\n\n\n\n<p><\/p>\n\n\n\n<p><\/p>\n","protected":false},"excerpt":{"rendered":"<p>Alle scholen die onder de Stichting Katholiek Onderwijs (SKO)&nbsp;West-Friesland&nbsp;vallen, hebben een eigen Medezeggenschapsraad (MR). De MR wordt vertegenwoordigd door afgevaardigden van ouders en teamleden, die samen met een directielid vergaderen. De zittingsduur voor MR-leden is drie jaar. Taken van de MR Binnen de kaders van de Wet Medezeggenschap op Scholen (WMS) geeft de Medezeggenschapsraad (on)gevraagd &#8230; <\/p>\n","protected":false},"author":16,"featured_media":0,"parent":111,"menu_order":0,"comment_status":"closed","ping_status":"closed","template":"","meta":{"ngg_post_thumbnail":0},"_links":{"self":[{"href":"https:\/\/skowfscholen.nl\/site\/sthieronymus\/wp-json\/wp\/v2\/pages\/287"}],"collection":[{"href":"https:\/\/skowfscholen.nl\/site\/sthieronymus\/wp-json\/wp\/v2\/pages"}],"about":[{"href":"https:\/\/skowfscholen.nl\/site\/sthieronymus\/wp-json\/wp\/v2\/types\/page"}],"author":[{"embeddable":true,"href":"https:\/\/skowfscholen.nl\/site\/sthieronymus\/wp-json\/wp\/v2\/users\/16"}],"replies":[{"embeddable":true,"href":"https:\/\/skowfscholen.nl\/site\/sthieronymus\/wp-json\/wp\/v2\/comments?post=287"}],"version-history":[{"count":77,"href":"https:\/\/skowfscholen.nl\/site\/sthieronymus\/wp-json\/wp\/v2\/pages\/287\/revisions"}],"predecessor-version":[{"id":3851,"href":"https:\/\/skowfscholen.nl\/site\/sthieronymus\/wp-json\/wp\/v2\/pages\/287\/revisions\/3851"}],"up":[{"embeddable":true,"href":"https:\/\/skowfscholen.nl\/site\/sthieronymus\/wp-json\/wp\/v2\/pages\/111"}],"wp:attachment":[{"href":"https:\/\/skowfscholen.nl\/site\/sthieronymus\/wp-json\/wp\/v2\/media?parent=287"}],"curies":[{"name":"wp","href":"https:\/\/api.w.org\/{rel}","templated":true}]}}